{"id":270,"date":"2024-08-23T12:09:51","date_gmt":"2024-08-23T11:09:51","guid":{"rendered":"https:\/\/dev-wordpress-a42abd502640.hyperlane.co\/cookies\/"},"modified":"2024-08-30T16:44:55","modified_gmt":"2024-08-30T15:44:55","slug":"cookies","status":"publish","type":"page","link":"https:\/\/bikeparkbelgium.be\/fr\/cookies\/","title":{"rendered":"Cookies"},"content":{"rendered":"<section \n   \n  class=\"grid grid-cols-subgrid pt-32 lg:pt-44 pb-8 lg:pb-20 \"\n>\n  <div class=\"col-start-2 grid lg:grid-cols-[minmax(0,600px)]\">\n          \n\n <h1 class=\"uppercase font-semibold font-roboto text-heading-500 lg:text-heading-700 text-text-blue\">Politique en mati\u00e8re de cookies<\/h1>\n      <\/div>\n<\/section>\n\n<section \n   \n  class=\"grid grid-cols-subgrid py-8 lg:py-20 bg-background-white \"\n>\n  <div class=\"col-start-2 grid lg:grid-cols-12 gap-6\">\n    <div class=\"prose space-y-2   lg:col-span-6 \">\n      <p><!-- wp:heading {\"level\":3} --><\/p>\n<h3 class=\"wp-block-heading\"><!-- wp:heading {\"level\":3} --><\/h3>\n<p><strong>Politique en mati\u00e8re de cookies<\/strong> BikeParkBelgium est responsable du traitement des donn\u00e9es \u00e0 caract\u00e8re personnel tel que refl\u00e9t\u00e9 dans la pr\u00e9sente d\u00e9claration de confidentialit\u00e9 GDPR. Cette d\u00e9claration de confidentialit\u00e9 GDPR s&#8217;applique \u00e0 la fois \u00e0 notre site web et \u00e0 toutes les relations entre BikeParkBelgium et ses clients, prospects et partenaires.  &nbsp;<\/p>\n<p><strong>Quelles sont les donn\u00e9es collect\u00e9es ?<\/strong> BikeParkBelgium collecte et traite vos donn\u00e9es personnelles parce que vous utilisez nos services et\/ou parce que vous nous les fournissez vous-m\u00eame. Vous trouverez ci-dessous un aper\u00e7u des donn\u00e9es personnelles que nous traitons :  <\/p>\n<ul>\n<li>Donn\u00e9es IP (identification personnelle) : pr\u00e9nom, nom, adresse(s) \u00e9lectronique(s), num\u00e9ro de t\u00e9l\u00e9phone, num\u00e9ro de portable, etc.<\/li>\n<li>Donn\u00e9es d&#8217;identification en ligne\/\u00e9lectroniques (adresse IP, cookies, type de navigateur, fuseau horaire, localisation, etc.) Vous trouverez une description de la mani\u00e8re dont les donn\u00e9es sont collect\u00e9es par le biais des cookies et de la mani\u00e8re dont elles le sont dans une politique distincte en mati\u00e8re de cookies. <\/li>\n<li>Donn\u00e9es personnelles et exp\u00e9rience professionnelle (dans le cas des candidats) : formation, \u00e2ge, sexe, r\u00e9f\u00e9rences, CV, etc.<\/li>\n<li>Donn\u00e9es, int\u00e9r\u00eats et pr\u00e9f\u00e9rences recueillis par le biais de formulaires (en ligne) : formulaires de t\u00e9l\u00e9chargement (de contenu), page de contact, etc.<\/li>\n<\/ul>\n<p>&nbsp;<\/p>\n<p><strong>Donn\u00e9es personnelles sp\u00e9ciales et\/ou sensibles que nous traitons<\/strong> Notre site web et\/ou nos services n&#8217;ont pas l&#8217;intention de collecter des donn\u00e9es sur les visiteurs du site web \u00e2g\u00e9s de moins de 16 ans. \u00c0 moins qu&#8217;ils n&#8217;aient l&#8217;autorisation de leurs parents ou de leur tuteur. Nous ne pouvons toutefois pas v\u00e9rifier si un visiteur a plus de 16 ans. Nous conseillons donc aux parents de s&#8217;impliquer dans les activit\u00e9s en ligne de leurs enfants afin d&#8217;\u00e9viter de collecter des donn\u00e9es sur les enfants sans le consentement des parents. Si vous \u00eates convaincu que nous avons collect\u00e9 des donn\u00e9es personnelles sur un mineur sans ce consentement, veuillez nous contacter \u00e0 l&#8217;adresse info@bikeparkbelgium.be et nous supprimerons ces informations.     &nbsp;<\/p>\n<p><strong>Comment recueillons-nous vos donn\u00e9es ?<\/strong> Vous fournissez directement \u00e0 BikeParkBelgium la plupart des donn\u00e9es que nous collectons. Nous collectons et traitons des donn\u00e9es lorsque vous :  <\/p>\n<ul>\n<li>R\u00e9pondez volontairement \u00e0 une enqu\u00eate aupr\u00e8s des clients ou fournir un retour d&#8217;information sur l&#8217;un de nos tableaux d&#8217;affichage ou par courrier \u00e9lectronique.<\/li>\n<li>Utilisez notre site web ou consultez les cookies de votre navigateur.<\/li>\n<\/ul>\n<p><strong> <\/strong><\/p>\n<p><strong>Comment utilisons-nous\/traitons-nous vos donn\u00e9es personnelles ?<\/strong> Bike Park Belgium traite vos donn\u00e9es personnelles aux fins suivantes : <\/p>\n<ul>\n<li>Envoi de notre lettre d&#8217;information, de mises \u00e0 jour sur l&#8217;entreprise, de marketing cibl\u00e9, d&#8217;enqu\u00eates\/\u00e9tudes de satisfaction et d&#8217;offres publicitaires et\/ou promotionnelles.<\/li>\n<li>Pour vous appeler ou vous envoyer un courrier \u00e9lectronique si cela s&#8217;av\u00e8re n\u00e9cessaire pour assurer nos services.<\/li>\n<li>Ex\u00e9cuter correctement nos contrats et obligations (administration, facturation, etc.).<\/li>\n<\/ul>\n<p><strong> <\/strong><\/p>\n<p><strong> <\/strong><strong>Comment conservons-nous vos donn\u00e9es personnelles ?<\/strong> Bike Park Belgium ne conservera pas vos donn\u00e9es personnelles plus longtemps que ce qui est strictement n\u00e9cessaire pour atteindre les objectifs pour lesquels vos donn\u00e9es ont \u00e9t\u00e9 collect\u00e9es. Nous utilisons les p\u00e9riodes de conservation suivantes pour les (cat\u00e9gories de) donn\u00e9es personnelles suivantes :  <\/p>\n<ul>\n<li>Les donn\u00e9es personnelles des candidats \u00e0 l&#8217;emploi seront conserv\u00e9es pendant deux ans apr\u00e8s la fin de la proc\u00e9dure de candidature.<\/li>\n<li>Les donn\u00e9es personnelles des prospects seront conserv\u00e9es pendant 5 ans.<\/li>\n<li>Les donn\u00e9es personnelles des clients sont conserv\u00e9es pendant toute la dur\u00e9e de notre relation contractuelle et 10 ans apr\u00e8s.<\/li>\n<\/ul>\n<p> \u00c0 l&#8217;expiration de cette p\u00e9riode, nous supprimerons vos donn\u00e9es. Les candidats et les prospects peuvent demander la suppression de leurs donn\u00e9es personnelles \u00e0 tout moment \u00e0 l&#8217;adresse info@bikeparkbelgium.be.  <strong> <\/strong><\/p>\n<p><strong> <\/strong><strong>Partage des donn\u00e9es personnelles avec des tiers<\/strong> BikeParkBelgium ne fournit des donn\u00e9es personnelles \u00e0 des tiers que si cela est n\u00e9cessaire pour l&#8217;ex\u00e9cution de notre contrat avec vous ou pour se conformer \u00e0 une obligation l\u00e9gale. <strong> <\/strong><\/p>\n<p><strong> <\/strong><strong>Quels sont vos droits en mati\u00e8re de protection des donn\u00e9es ?<\/strong> Bike Park Belgium souhaite s&#8217;assurer que vous \u00eates pleinement conscient de vos droits en mati\u00e8re de protection des donn\u00e9es. Chaque utilisateur a droit \u00e0 ce qui suit :  <\/p>\n<ul>\n<li>Droit de regard &#8211; Vous avez le droit de demander \u00e0 BikeParkBelgium des copies de vos donn\u00e9es personnelles. Il se peut que nous vous facturions une somme modique pour ce service. <\/li>\n<li>Droit de rectification &#8211; Vous avez le droit de demander \u00e0 Bike Park Belgium de corriger des informations que vous estimez incorrectes. Vous avez \u00e9galement le droit de demander \u00e0 Bike Park Belgium de compl\u00e9ter les informations que vous jugez incompl\u00e8tes. <\/li>\n<li>Droit \u00e0 l&#8217;effacement &#8211; Vous avez le droit de demander \u00e0 Bike Park Belgium d&#8217;effacer vos donn\u00e9es personnelles, sous certaines conditions.<\/li>\n<li>Droit \u00e0 la limitation du traitement &#8211; Vous avez le droit de demander \u00e0 Bike Park Belgium de limiter le traitement de vos donn\u00e9es personnelles, sous certaines conditions.<\/li>\n<li>Droit d&#8217;opposition au traitement &#8211; Vous avez le droit de vous opposer au traitement de vos donn\u00e9es personnelles par Bike Park Belgium, sous certaines conditions.<\/li>\n<li>Droit \u00e0 la portabilit\u00e9 des donn\u00e9es &#8211; Vous avez le droit de demander \u00e0 Bike Park Belgium de transf\u00e9rer les donn\u00e9es que nous avons collect\u00e9es \u00e0 votre sujet \u00e0 une autre organisation, ou directement \u00e0 vous, sous certaines conditions.<\/li>\n<\/ul>\n<p> Si vous faites une demande, nous aurons un mois pour y r\u00e9pondre. Si vous souhaitez exercer l&#8217;un de ces droits, veuillez nous contacter \u00e0 notre adresse \u00e9lectronique : info@bikeparkbelgium.be. Afin de nous assurer que la demande d&#8217;inspection \u00e9mane bien de vous, nous vous demandons de joindre \u00e0 votre demande une copie de votre pi\u00e8ce d&#8217;identit\u00e9.   <strong> <\/strong><\/p>\n<p><strong> <\/strong><strong>Comment prot\u00e9geons-nous les donn\u00e9es personnelles ?<\/strong> Bike Park Belgium prend la protection de vos donn\u00e9es au s\u00e9rieux et prend des mesures appropri\u00e9es pour \u00e9viter l&#8217;abus, la perte, l&#8217;acc\u00e8s non autoris\u00e9, la divulgation non d\u00e9sir\u00e9e et la modification non autoris\u00e9e. Si vous avez l&#8217;impression que vos donn\u00e9es ne sont pas correctement s\u00e9curis\u00e9es ou qu&#8217;il y a des indications d&#8217;abus, veuillez contacter notre service client\u00e8le ou via info@bikeparkbelgium.be. &nbsp;<strong>Politique de confidentialit\u00e9 d&#8217;autres sites web<\/strong> Le site web de Bike Park Belgium peut contenir des liens vers d&#8217;autres sites web. Notre politique de confidentialit\u00e9 ne s&#8217;applique qu&#8217;\u00e0 notre site web. Si vous cliquez sur un lien vers un autre site web, nous vous conseillons de lire sa politique de confidentialit\u00e9.   <strong> <\/strong><\/p>\n<p><strong>Modifications de notre politique de confidentialit\u00e9<\/strong> Bike Park Belgium met r\u00e9guli\u00e8rement \u00e0 jour sa politique de confidentialit\u00e9 et publie les mises \u00e0 jour sur la page web. Cette politique de confidentialit\u00e9 a \u00e9t\u00e9 mise \u00e0 jour pour la derni\u00e8re fois le 29 ao\u00fbt 2024.  <strong> <\/strong><\/p>\n<p><strong> <\/strong><strong>Comment nous contacter ?<\/strong> Si vous avez des questions sur la politique de confidentialit\u00e9 de Bike Park Belgium, les donn\u00e9es que nous d\u00e9tenons sur vous, ou si vous souhaitez exercer l&#8217;un de vos droits en mati\u00e8re de protection des donn\u00e9es, n&#8217;h\u00e9sitez pas \u00e0 nous contacter. Pour toute question concernant cette politique de confidentialit\u00e9 GDPR, veuillez nous contacter par email : info@bikeparkbelgium.be.  <strong> <\/strong><\/p>\n<p><strong>Comment contacter l&#8217;autorit\u00e9 comp\u00e9tente ?<\/strong> Bike Park Belgium vous rappelle \u00e9galement que vous avez le droit d&#8217;introduire une r\u00e9clamation aupr\u00e8s de l&#8217;autorit\u00e9 nationale de contr\u00f4le. Vous pouvez le faire via le lien suivant : <a href=\"http:\/\/www.gegevensbeschermingsautoriteit.be\">www.gegevensbeschermingsautoriteit.be.<\/a>  <\/p>\n<h3 class=\"wp-block-heading\"><!-- \/wp:heading --><\/h3>\n\n    <\/div>\n  <\/div>\n<\/section>\n","protected":false},"excerpt":{"rendered":"","protected":false},"author":1,"featured_media":0,"parent":0,"menu_order":0,"comment_status":"closed","ping_status":"closed","template":"","meta":[],"acf":[],"_links":{"self":[{"href":"https:\/\/bikeparkbelgium.be\/fr\/wp-json\/wp\/v2\/pages\/270"}],"collection":[{"href":"https:\/\/bikeparkbelgium.be\/fr\/wp-json\/wp\/v2\/pages"}],"about":[{"href":"https:\/\/bikeparkbelgium.be\/fr\/wp-json\/wp\/v2\/types\/page"}],"author":[{"embeddable":true,"href":"https:\/\/bikeparkbelgium.be\/fr\/wp-json\/wp\/v2\/users\/1"}],"replies":[{"embeddable":true,"href":"https:\/\/bikeparkbelgium.be\/fr\/wp-json\/wp\/v2\/comments?post=270"}],"version-history":[{"count":1,"href":"https:\/\/bikeparkbelgium.be\/fr\/wp-json\/wp\/v2\/pages\/270\/revisions"}],"predecessor-version":[{"id":271,"href":"https:\/\/bikeparkbelgium.be\/fr\/wp-json\/wp\/v2\/pages\/270\/revisions\/271"}],"wp:attachment":[{"href":"https:\/\/bikeparkbelgium.be\/fr\/wp-json\/wp\/v2\/media?parent=270"}],"curies":[{"name":"wp","href":"https:\/\/api.w.org\/{rel}","templated":true}]}}