{"id":268,"date":"2024-08-22T12:43:50","date_gmt":"2024-08-22T11:43:50","guid":{"rendered":"https:\/\/dev-wordpress-a42abd502640.hyperlane.co\/a-propos-de-nous\/"},"modified":"2024-09-06T11:26:43","modified_gmt":"2024-09-06T10:26:43","slug":"a-propos-de-nous","status":"publish","type":"page","link":"https:\/\/bikeparkbelgium.be\/fr\/a-propos-de-nous\/","title":{"rendered":"A propos de nous"},"content":{"rendered":"<section \n   \n  class=\"relative grid grid-cols-subgrid pt-48 lg:pt-44 pb-8 lg:pb-20 isolate overflow-hidden \"\n>\n  <div class=\"absolute -z-10 top-0 right-0 -translate-y-[30%] translate-x-1\/4 lg:translate-x-[15%]\">\n    \n<picture>\n  \n  \n  \n  \n  \n  <img decoding=\"async\"  src=\"https:\/\/bikeparkbelgium.be\/wp-content\/themes\/bikepark\/src\/img\/images\/shape.svg\" alt=\"image\"  class=\"max-w-none w-[480px]\">\n<\/picture>\n  <\/div>\n\n  <div class=\"col-start-2 grid md:grid-cols-[minmax(0,600px)] justify-items-start text-text-primary\">\n    \n          \n\n <h1 class=\"uppercase font-semibold font-roboto mt-4 lg:mt-3 text-heading-500 lg:text-heading-700\">A propos de nous<\/h1>\n    \n          <p class=\"lg:mt-3 text-body-300 lg:text-body-400\">\n        Bike Park Belgium est une collaboration entre Velix, Verhofst\u00e9 et Indigo, visant \u00e0 promouvoir la mobilit\u00e9 durable en Belgique. Velix d\u00e9veloppe des logiciels intuitifs pour les parkings \u00e0 v\u00e9los, Verhofst\u00e9 fournit des infrastructures s\u00fbres et durables, et Indigo propose des services complets et peut prendre en charge le financement total de chaque projet.<br>Ensemble, nous proposons des solutions innovantes qui rendent le v\u00e9lo plus attrayant et plus accessible, avec pour objectif un avenir plus vert et plus sain pour tous.  \n      <\/p>\n              \n\n\n<a class=\"group inline-flex justify-center transition-all duration-100 outline-none py-2 px-4 rounded-full bg-button-primary hover:bg-button-primary-hover text-text-primary-inverted     mt-4 lg:mt-10\" href=\"https:\/\/www.bikeparkbelgium.be\/fr\/contact\/\" target=\"\">\n  \n      <span class=\"text-heading-100 font-roboto font-semibold uppercase\">Contactez-nous<\/span>\n  \n  <\/a>\n      <\/div>\n<\/section>\n\n\n<section \n   \n  class=\"grid grid-cols-subgrid py-8 lg:py-20 bg-background-dark-blue \"\n>\n  <div class=\"col-start-2 grid lg:grid-flow-col items-center gap-y-6 gap-x-10\">\n          \n\n <h2 class=\"uppercase font-semibold font-roboto text-body-300 lg:text-body-400 font-normal normal-case lg:font-bold text-text-primary-inverted\">Nos partenaires de confiance<\/h2>\n    \n    <div class=\"swiper max-lg:-mx-5 max-lg:px-5\" data-logos>\n      <ul class=\"swiper-wrapper ease-linear\">\n                  <li class=\"swiper-slide grid justify-items-center items-center w-auto\">\n            \n<picture>\n  \n  \n  \n  \n  \n  <img decoding=\"async\"  src=\"https:\/\/bikeparkbelgium.be\/wp-content\/uploads\/2024\/08\/logo_indigo-300x0-c-default.webp\" alt=\"\"  class=\"max-w-full max-h-14\">\n<\/picture>\n          <\/li>\n                  <li class=\"swiper-slide grid justify-items-center items-center w-auto\">\n            \n<picture>\n  \n  \n  \n  \n  \n  <img decoding=\"async\"  src=\"https:\/\/bikeparkbelgium.be\/wp-content\/uploads\/2024\/08\/logo_velix-300x0-c-default.webp\" alt=\"\"  class=\"max-w-full max-h-14\">\n<\/picture>\n          <\/li>\n                  <li class=\"swiper-slide grid justify-items-center items-center w-auto\">\n            \n<picture>\n  \n  \n  \n  \n  \n  <img decoding=\"async\"  src=\"https:\/\/bikeparkbelgium.be\/wp-content\/uploads\/2024\/08\/VERH_LOGO_INV_CMYK-scaled-300x0-c-default.webp\" alt=\"\"  class=\"max-w-full max-h-14\">\n<\/picture>\n          <\/li>\n              <\/ul>\n    <\/div>\n  <\/div>\n<\/section>\n\n\n\n<section \n   \n  class=\"grid grid-cols-subgrid py-8 lg:py-20 bg-background-purple overflow-hidden \"\n>\n  <div class=\"col-start-2\">\n    <div class=\"swiper overflow-visible\" data-image-slider>\n      <ul class=\"swiper-wrapper\">\n                  <li class=\"swiper-slide\">\n            \n<picture>\n  \n  \n  \n  \n  \n  <img decoding=\"async\"  src=\"https:\/\/bikeparkbelgium.be\/wp-content\/uploads\/2024\/08\/ba5dc6183c8d91abee88280b8a6ed512-2-1000x0-c-default.webp\" alt=\"\"  class=\"aspect-[3\/2] rounded-3xl object-cover\">\n<\/picture>\n          <\/li>\n                  <li class=\"swiper-slide\">\n            \n<picture>\n  \n  \n  \n  \n  \n  <img decoding=\"async\"  src=\"https:\/\/bikeparkbelgium.be\/wp-content\/uploads\/2024\/08\/75b28ebcc4d745abf88b37a0ee5bf43b-1-scaled-1000x0-c-default.webp\" alt=\"\"  class=\"aspect-[3\/2] rounded-3xl object-cover\">\n<\/picture>\n          <\/li>\n                  <li class=\"swiper-slide\">\n            \n<picture>\n  \n  \n  \n  \n  \n  <img decoding=\"async\"  src=\"https:\/\/bikeparkbelgium.be\/wp-content\/uploads\/2024\/08\/f31d3aaed7c5d0fec5916392ecf8dd6f-1-1000x0-c-default.webp\" alt=\"\"  class=\"aspect-[3\/2] rounded-3xl object-cover\">\n<\/picture>\n          <\/li>\n                  <li class=\"swiper-slide\">\n            \n<picture>\n  \n  \n  \n  \n  \n  <img decoding=\"async\"  src=\"https:\/\/bikeparkbelgium.be\/wp-content\/uploads\/2024\/08\/cycloparc-1000x0-c-default.webp\" alt=\"turn your cyclopark into \na profit center\"  class=\"aspect-[3\/2] rounded-3xl object-cover\">\n<\/picture>\n          <\/li>\n              <\/ul>\n    <\/div>\n  <\/div>\n<\/section>\n\n\n\n\n<section  class=\"group grid grid-cols-subgrid py-8 lg:py-20 overflow-hidden d-left  \">\n  <div class=\"col-start-2 relative grid grid-flow-dense lg:group-[.d-left]:grid-cols-[minmax(0,600px),minmax(0,500px)] lg:group-[.d-right]:grid-cols-[minmax(0,500px),minmax(0,600px)] lg:justify-items-start gap-y-6 lg:gap-y-10 lg:gap-x-20 isolate\">\n    \n    <div class=\"lg:group-[.d-right]:col-start-2 self-end grid gap-y-1 lg:gap-y-3 text-text-primary\">\n              \n\n <h2 class=\"uppercase font-semibold font-roboto text-heading-400 lg:text-heading-500\">Notre mission<\/h2>\n      \n              <div class=\"text-body-300 lg:text-body-400 prose\">\n          Nous favorisons la mobilit\u00e9 durable en g\u00e9rant des solutions innovantes de stationnement pour v\u00e9los. Ainsi, nous rendons le v\u00e9lo plus attractif et plus accessible en Belgique pour un avenir plus vert. \n        <\/div>\n          <\/div>\n\n    <div class=\"lg:row-span-2 lg:group-[.d-right]:col-start-1 self-center grid lg:justify-self-end lg:group-[.d-right]:justify-self-start\">\n              \n<picture>\n  \n  \n  \n  \n  \n  <img decoding=\"async\"  src=\"https:\/\/bikeparkbelgium.be\/wp-content\/uploads\/2024\/08\/about-us-800x0-c-default.webp\" alt=\"about\"  class=\"w-full max-h-[280px] rounded-3xl aspect-[4\/3] object-cover object-center\">\n<\/picture>\n          <\/div>\n\n      <\/div>\n<\/section>\n\n\n\n\n<section  class=\"group grid grid-cols-subgrid py-8 lg:py-20 overflow-hidden  d-right \">\n  <div class=\"col-start-2 relative grid grid-flow-dense lg:group-[.d-left]:grid-cols-[minmax(0,600px),minmax(0,500px)] lg:group-[.d-right]:grid-cols-[minmax(0,500px),minmax(0,600px)] lg:justify-items-start gap-y-6 lg:gap-y-10 lg:gap-x-20 isolate\">\n          <div class=\"absolute -z-10 bottom-0 left-1\/2 lg:left-0 flex\">\n        \n<picture>\n  \n  \n  \n  \n  \n  <img decoding=\"async\"  src=\"https:\/\/bikeparkbelgium.be\/wp-content\/themes\/bikepark\/src\/img\/images\/shape.svg\" alt=\"image\"  class=\"max-w-none w-[calc(100vw*2)] lg:w-[740px] h-auto rotate-[160deg] translate-y-[calc(100vw*0.9)] lg:translate-y-1\/2 -translate-x-1\/3 lg:-translate-x-[15%]\">\n<\/picture>\n      <\/div>\n    \n    <div class=\"lg:group-[.d-right]:col-start-2 self-end grid gap-y-1 lg:gap-y-3 text-text-primary\">\n              \n\n <h2 class=\"uppercase font-semibold font-roboto text-heading-400 lg:text-heading-500\">Notre vision<\/h2>\n      \n              <div class=\"text-body-300 lg:text-body-400 prose\">\n          Nous aspirons \u00e0 un avenir o\u00f9 la mobilit\u00e9 durable occupe une place centrale. En tant que partenaires, nous d\u00e9veloppons des solutions innovantes de stationnement pour v\u00e9los qui contribuent \u00e0 la mobilit\u00e9 et \u00e0 l&#8217;infrastructure des villes, des municipalit\u00e9s, des entreprises et des institutions dans toute la Belgique. Gr\u00e2ce \u00e0 des technologies avanc\u00e9es, nous rendons le stationnement des v\u00e9los plus facile, plus s\u00fbr et plus attrayant. Gr\u00e2ce \u00e0 des mod\u00e8les d&#8217;investissement partag\u00e9s et, si n\u00e9cessaire, \u00e0 un financement int\u00e9gral du projet, nous veillons \u00e0 ce que les infrastructures cyclables soient accessibles \u00e0 tous. Nous transformons les installations de stationnement pour v\u00e9los en sources de revenus, contribuant ainsi \u00e0 un avenir plus vert. Avec le soutien de partenaires comp\u00e9tents tels que Fietsberaad, The New Drive et Fietsersbond, nous continuons \u00e0 optimiser nos solutions et \u00e0 r\u00e9pondre aux besoins changeants de nos communaut\u00e9s. C&#8217;est ainsi que nous rendons le v\u00e9lo plus attrayant et que nous soutenons les objectifs de mobilit\u00e9 de nos partenaires et de nos communaut\u00e9s.      \n        <\/div>\n          <\/div>\n\n    <div class=\"lg:row-span-2 lg:group-[.d-right]:col-start-1 self-center grid lg:justify-self-end lg:group-[.d-right]:justify-self-start\">\n              \n<picture>\n  \n  \n  \n  \n  \n  <img decoding=\"async\"  src=\"https:\/\/bikeparkbelgium.be\/wp-content\/uploads\/2024\/08\/cycloparc-800x0-c-default.webp\" alt=\"turn your cyclopark into \na profit center\"  class=\"w-full max-h-[280px] rounded-3xl aspect-[4\/3] object-cover object-center\">\n<\/picture>\n          <\/div>\n\n      <\/div>\n<\/section>\n","protected":false},"excerpt":{"rendered":"","protected":false},"author":1,"featured_media":0,"parent":0,"menu_order":0,"comment_status":"closed","ping_status":"closed","template":"","meta":[],"acf":[],"_links":{"self":[{"href":"https:\/\/bikeparkbelgium.be\/fr\/wp-json\/wp\/v2\/pages\/268"}],"collection":[{"href":"https:\/\/bikeparkbelgium.be\/fr\/wp-json\/wp\/v2\/pages"}],"about":[{"href":"https:\/\/bikeparkbelgium.be\/fr\/wp-json\/wp\/v2\/types\/page"}],"author":[{"embeddable":true,"href":"https:\/\/bikeparkbelgium.be\/fr\/wp-json\/wp\/v2\/users\/1"}],"replies":[{"embeddable":true,"href":"https:\/\/bikeparkbelgium.be\/fr\/wp-json\/wp\/v2\/comments?post=268"}],"version-history":[{"count":4,"href":"https:\/\/bikeparkbelgium.be\/fr\/wp-json\/wp\/v2\/pages\/268\/revisions"}],"predecessor-version":[{"id":384,"href":"https:\/\/bikeparkbelgium.be\/fr\/wp-json\/wp\/v2\/pages\/268\/revisions\/384"}],"wp:attachment":[{"href":"https:\/\/bikeparkbelgium.be\/fr\/wp-json\/wp\/v2\/media?parent=268"}],"curies":[{"name":"wp","href":"https:\/\/api.w.org\/{rel}","templated":true}]}}